{"id":207,"date":"2025-02-27T15:06:19","date_gmt":"2025-02-27T20:06:19","guid":{"rendered":"https:\/\/ericlalonde.ca\/?page_id=207"},"modified":"2025-04-24T09:44:08","modified_gmt":"2025-04-24T13:44:08","slug":"blogue-et-ressources","status":"publish","type":"page","link":"https:\/\/ericlalonde.ca\/fr\/blogue-et-ressources\/","title":{"rendered":"Blogue et ressources"},"content":{"rendered":"","protected":false},"excerpt":{"rendered":"","protected":false},"author":1,"featured_media":0,"parent":0,"menu_order":0,"comment_status":"closed","ping_status":"closed","template":"","meta":{"_acf_changed":false,"footnotes":""},"class_list":["post-207","page","type-page","status-publish","hentry","entry"],"acf":[],"yoast_head":"<!-- This site is optimized with the Yoast SEO plugin v27.3 - https:\/\/yoast.com\/product\/yoast-seo-wordpress\/ -->\n<title>Conseils \u00e9lectriques \u00e0 Ottawa \u2013 Blogue Eric Lalonde \u00c9lectricien\u200b<\/title>\n<meta name=\"description\" content=\"D\u00e9couvrez nos articles sur la s\u00e9curit\u00e9 \u00e9lectrique, l&#039;efficacit\u00e9 \u00e9nerg\u00e9tique, la domotique et les meilleures pratiques pour vos projets r\u00e9sidentiels et commerciaux \u00e0 Ottawa.\u200b\" \/>\n<meta name=\"robots\" content=\"index, follow, max-snippet:-1, max-image-preview:large, max-video-preview:-1\" \/>\n<link rel=\"canonical\" href=\"https:\/\/ericlalonde.ca\/fr\/blogue-et-ressources\/\" \/>\n<meta property=\"og:locale\" content=\"fr_FR\" \/>\n<meta property=\"og:type\" content=\"article\" \/>\n<meta property=\"og:title\" content=\"Conseils \u00e9lectriques \u00e0 Ottawa \u2013 Blogue Eric Lalonde \u00c9lectricien\u200b\" \/>\n<meta property=\"og:description\" content=\"D\u00e9couvrez nos articles sur la s\u00e9curit\u00e9 \u00e9lectrique, l&#039;efficacit\u00e9 \u00e9nerg\u00e9tique, la domotique et les meilleures pratiques pour vos projets r\u00e9sidentiels et commerciaux \u00e0 Ottawa.\u200b\" \/>\n<meta property=\"og:url\" content=\"https:\/\/ericlalonde.ca\/fr\/blogue-et-ressources\/\" \/>\n<meta property=\"og:site_name\" content=\"Eric Lalonde Electrical Services Inc.\" \/>\n<meta property=\"article:modified_time\" content=\"2025-04-24T13:44:08+00:00\" \/>\n<meta name=\"twitter:card\" content=\"summary_large_image\" \/>\n<script type=\"application\/ld+json\" class=\"yoast-schema-graph\">{\"@context\":\"https:\\\/\\\/schema.org\",\"@graph\":[{\"@type\":\"WebPage\",\"@id\":\"https:\\\/\\\/ericlalonde.ca\\\/fr\\\/blogue-et-ressources\\\/\",\"url\":\"https:\\\/\\\/ericlalonde.ca\\\/fr\\\/blogue-et-ressources\\\/\",\"name\":\"Conseils \u00e9lectriques \u00e0 Ottawa \u2013 Blogue Eric Lalonde \u00c9lectricien\u200b\",\"isPartOf\":{\"@id\":\"https:\\\/\\\/ericlalonde.ca\\\/#website\"},\"datePublished\":\"2025-02-27T20:06:19+00:00\",\"dateModified\":\"2025-04-24T13:44:08+00:00\",\"description\":\"D\u00e9couvrez nos articles sur la s\u00e9curit\u00e9 \u00e9lectrique, l'efficacit\u00e9 \u00e9nerg\u00e9tique, la domotique et les meilleures pratiques pour vos projets r\u00e9sidentiels et commerciaux \u00e0 Ottawa.\u200b\",\"breadcrumb\":{\"@id\":\"https:\\\/\\\/ericlalonde.ca\\\/fr\\\/blogue-et-ressources\\\/#breadcrumb\"},\"inLanguage\":\"fr-FR\",\"potentialAction\":[{\"@type\":\"ReadAction\",\"target\":[\"https:\\\/\\\/ericlalonde.ca\\\/fr\\\/blogue-et-ressources\\\/\"]}]},{\"@type\":\"BreadcrumbList\",\"@id\":\"https:\\\/\\\/ericlalonde.ca\\\/fr\\\/blogue-et-ressources\\\/#breadcrumb\",\"itemListElement\":[{\"@type\":\"ListItem\",\"position\":1,\"name\":\"Home\",\"item\":\"https:\\\/\\\/ericlalonde.ca\\\/fr\\\/\"},{\"@type\":\"ListItem\",\"position\":2,\"name\":\"Blogue et ressources\"}]},{\"@type\":\"WebSite\",\"@id\":\"https:\\\/\\\/ericlalonde.ca\\\/#website\",\"url\":\"https:\\\/\\\/ericlalonde.ca\\\/\",\"name\":\"Electrical - Eric Lalonde Electrical Services Inc.\",\"description\":\"Eric Lalonde Electrical Services Inc. Offers master electrician quality workmanship with peace of mind durability. Get you free quote today\",\"publisher\":{\"@id\":\"https:\\\/\\\/ericlalonde.ca\\\/#organization\"},\"alternateName\":\"Eric Lalonde Electrical Services Inc. Offers master electrician quality workmanship with peace of mind durability. Get you free quote today\",\"potentialAction\":[{\"@type\":\"SearchAction\",\"target\":{\"@type\":\"EntryPoint\",\"urlTemplate\":\"https:\\\/\\\/ericlalonde.ca\\\/?s={search_term_string}\"},\"query-input\":{\"@type\":\"PropertyValueSpecification\",\"valueRequired\":true,\"valueName\":\"search_term_string\"}}],\"inLanguage\":\"fr-FR\"},{\"@type\":\"Organization\",\"@id\":\"https:\\\/\\\/ericlalonde.ca\\\/#organization\",\"name\":\"Electrical - Eric Lalonde Electrical Services Inc.\",\"url\":\"https:\\\/\\\/ericlalonde.ca\\\/\",\"logo\":{\"@type\":\"ImageObject\",\"inLanguage\":\"fr-FR\",\"@id\":\"https:\\\/\\\/ericlalonde.ca\\\/#\\\/schema\\\/logo\\\/image\\\/\",\"url\":\"https:\\\/\\\/ericlalonde.ca\\\/wp-content\\\/uploads\\\/2025\\\/03\\\/logoEricLalonde.svg\",\"contentUrl\":\"https:\\\/\\\/ericlalonde.ca\\\/wp-content\\\/uploads\\\/2025\\\/03\\\/logoEricLalonde.svg\",\"caption\":\"Electrical - Eric Lalonde Electrical Services Inc.\"},\"image\":{\"@id\":\"https:\\\/\\\/ericlalonde.ca\\\/#\\\/schema\\\/logo\\\/image\\\/\"}}]}<\/script>\n<!-- \/ Yoast SEO plugin. -->","yoast_head_json":{"title":"Conseils \u00e9lectriques \u00e0 Ottawa \u2013 Blogue Eric Lalonde \u00c9lectricien\u200b","description":"D\u00e9couvrez nos articles sur la s\u00e9curit\u00e9 \u00e9lectrique, l'efficacit\u00e9 \u00e9nerg\u00e9tique, la domotique et les meilleures pratiques pour vos projets r\u00e9sidentiels et commerciaux \u00e0 Ottawa.\u200b","robots":{"index":"index","follow":"follow","max-snippet":"max-snippet:-1","max-image-preview":"max-image-preview:large","max-video-preview":"max-video-preview:-1"},"canonical":"https:\/\/ericlalonde.ca\/fr\/blogue-et-ressources\/","og_locale":"fr_FR","og_type":"article","og_title":"Conseils \u00e9lectriques \u00e0 Ottawa \u2013 Blogue Eric Lalonde \u00c9lectricien\u200b","og_description":"D\u00e9couvrez nos articles sur la s\u00e9curit\u00e9 \u00e9lectrique, l'efficacit\u00e9 \u00e9nerg\u00e9tique, la domotique et les meilleures pratiques pour vos projets r\u00e9sidentiels et commerciaux \u00e0 Ottawa.\u200b","og_url":"https:\/\/ericlalonde.ca\/fr\/blogue-et-ressources\/","og_site_name":"Eric Lalonde Electrical Services Inc.","article_modified_time":"2025-04-24T13:44:08+00:00","twitter_card":"summary_large_image","schema":{"@context":"https:\/\/schema.org","@graph":[{"@type":"WebPage","@id":"https:\/\/ericlalonde.ca\/fr\/blogue-et-ressources\/","url":"https:\/\/ericlalonde.ca\/fr\/blogue-et-ressources\/","name":"Conseils \u00e9lectriques \u00e0 Ottawa \u2013 Blogue Eric Lalonde \u00c9lectricien\u200b","isPartOf":{"@id":"https:\/\/ericlalonde.ca\/#website"},"datePublished":"2025-02-27T20:06:19+00:00","dateModified":"2025-04-24T13:44:08+00:00","description":"D\u00e9couvrez nos articles sur la s\u00e9curit\u00e9 \u00e9lectrique, l'efficacit\u00e9 \u00e9nerg\u00e9tique, la domotique et les meilleures pratiques pour vos projets r\u00e9sidentiels et commerciaux \u00e0 Ottawa.\u200b","breadcrumb":{"@id":"https:\/\/ericlalonde.ca\/fr\/blogue-et-ressources\/#breadcrumb"},"inLanguage":"fr-FR","potentialAction":[{"@type":"ReadAction","target":["https:\/\/ericlalonde.ca\/fr\/blogue-et-ressources\/"]}]},{"@type":"BreadcrumbList","@id":"https:\/\/ericlalonde.ca\/fr\/blogue-et-ressources\/#breadcrumb","itemListElement":[{"@type":"ListItem","position":1,"name":"Home","item":"https:\/\/ericlalonde.ca\/fr\/"},{"@type":"ListItem","position":2,"name":"Blogue et ressources"}]},{"@type":"WebSite","@id":"https:\/\/ericlalonde.ca\/#website","url":"https:\/\/ericlalonde.ca\/","name":"Electrical - Eric Lalonde Electrical Services Inc.","description":"Eric Lalonde Electrical Services Inc. Offers master electrician quality workmanship with peace of mind durability. Get you free quote today","publisher":{"@id":"https:\/\/ericlalonde.ca\/#organization"},"alternateName":"Eric Lalonde Electrical Services Inc. Offers master electrician quality workmanship with peace of mind durability. Get you free quote today","potentialAction":[{"@type":"SearchAction","target":{"@type":"EntryPoint","urlTemplate":"https:\/\/ericlalonde.ca\/?s={search_term_string}"},"query-input":{"@type":"PropertyValueSpecification","valueRequired":true,"valueName":"search_term_string"}}],"inLanguage":"fr-FR"},{"@type":"Organization","@id":"https:\/\/ericlalonde.ca\/#organization","name":"Electrical - Eric Lalonde Electrical Services Inc.","url":"https:\/\/ericlalonde.ca\/","logo":{"@type":"ImageObject","inLanguage":"fr-FR","@id":"https:\/\/ericlalonde.ca\/#\/schema\/logo\/image\/","url":"https:\/\/ericlalonde.ca\/wp-content\/uploads\/2025\/03\/logoEricLalonde.svg","contentUrl":"https:\/\/ericlalonde.ca\/wp-content\/uploads\/2025\/03\/logoEricLalonde.svg","caption":"Electrical - Eric Lalonde Electrical Services Inc."},"image":{"@id":"https:\/\/ericlalonde.ca\/#\/schema\/logo\/image\/"}}]}},"_links":{"self":[{"href":"https:\/\/ericlalonde.ca\/fr\/wp-json\/wp\/v2\/pages\/207","targetHints":{"allow":["GET"]}}],"collection":[{"href":"https:\/\/ericlalonde.ca\/fr\/wp-json\/wp\/v2\/pages"}],"about":[{"href":"https:\/\/ericlalonde.ca\/fr\/wp-json\/wp\/v2\/types\/page"}],"author":[{"embeddable":true,"href":"https:\/\/ericlalonde.ca\/fr\/wp-json\/wp\/v2\/users\/1"}],"replies":[{"embeddable":true,"href":"https:\/\/ericlalonde.ca\/fr\/wp-json\/wp\/v2\/comments?post=207"}],"version-history":[{"count":2,"href":"https:\/\/ericlalonde.ca\/fr\/wp-json\/wp\/v2\/pages\/207\/revisions"}],"predecessor-version":[{"id":588,"href":"https:\/\/ericlalonde.ca\/fr\/wp-json\/wp\/v2\/pages\/207\/revisions\/588"}],"wp:attachment":[{"href":"https:\/\/ericlalonde.ca\/fr\/wp-json\/wp\/v2\/media?parent=207"}],"curies":[{"name":"wp","href":"https:\/\/api.w.org\/{rel}","templated":true}]}}